{"id":22,"date":"2019-01-04T21:19:48","date_gmt":"2019-01-04T21:19:48","guid":{"rendered":"http:\/\/lakierniaproszkowa.pl\/?page_id=22"},"modified":"2019-01-25T22:03:53","modified_gmt":"2019-01-25T22:03:53","slug":"home","status":"publish","type":"page","link":"https:\/\/lakierniaproszkowa.pl\/","title":{"rendered":"O nas"},"content":{"rendered":"<p>Jeste\u015bmy nowoczesn\u0105 lakierni\u0105 proszkow\u0105 oferuj\u0105c\u0105 swoim klientom us\u0142ugi w zakresie elektrostatycznego malowania du\u017cych element\u00f3w metalowych. Nasza firma powsta\u0142a w 1995 roku i posiada ugruntowan\u0105 pozycj\u0119 na rynku lakierniczym. Zatrudniamy wy\u0142\u0105cznie wykwalifikowan\u0105 kadr\u0119 z wieloletnim sta\u017cem pracy w lakiernictwie proszkowym.<\/p>\n<p>Wykorzystujemy najnowsze technologie przygotowania powierzchni aluminiowych niemieckiej firmy ALUFINISH oraz powierzchni stalowych firmy NABU. Nak\u0142adanie farb proszkowych odbywa sie za pomoc\u0105 szwajcarskich aplikacji firmy GEMA &#8211; jednej z najlepszych firm na \u015bwiecie.<\/p>\n<p>Wszystkie elementy malujemy farbami proszkowymi wiod\u0105cych producent\u00f3w: FULLER, I.G.P DU-PONT, TIGER DRYLAC oraz RIPOL. Stosowane przez nas farby posiadaj\u0105 certyfikaty QUALICOAT oraz ISO.<\/p>\n<p>Naszymi klientami s\u0105 znane w Polsce firmy reklamowe, budowlane, motoryzacyjne, AGD, producenci sprz\u0119tu medycznego i wiele innych.<br \/>\nJeste\u015bmy znani z wysokiej jako\u015bci i terminowo\u015bci \u015bwiadczonych us\u0142ug, nie wspominaj\u0105c o udzielanej gwarancji.<\/p>\n","protected":false},"excerpt":{"rendered":"<p>Jeste\u015bmy nowoczesn\u0105 lakierni\u0105 proszkow\u0105 oferuj\u0105c\u0105 swoim klientom us\u0142ugi w zakresie elektrostatycznego malowania du\u017cych element\u00f3w metalowych. Nasza firma powsta\u0142a w 1995 roku i posiada ugruntowan\u0105 pozycj\u0119 na rynku lakierniczym. Zatrudniamy wy\u0142\u0105cznie wykwalifikowan\u0105 kadr\u0119 z wieloletnim sta\u017cem pracy w lakiernictwie proszkowym. Wykorzystujemy najnowsze technologie przygotowania powierzchni aluminiowych niemieckiej firmy ALUFINISH oraz powierzchni stalowych firmy NABU. Nak\u0142adanie farb &hellip; <\/p>\n<p class=\"link-more\"><a href=\"https:\/\/lakierniaproszkowa.pl\/\" class=\"more-link\">Continue reading<span class=\"screen-reader-text\"> &#8220;O nas&#8221;<\/span><\/a><\/p>\n","protected":false},"author":1,"featured_media":0,"parent":0,"menu_order":0,"comment_status":"closed","ping_status":"closed","template":"","meta":{"footnotes":""},"class_list":["post-22","page","type-page","status-publish","hentry"],"_links":{"self":[{"href":"https:\/\/lakierniaproszkowa.pl\/index.php\/wp-json\/wp\/v2\/pages\/22","targetHints":{"allow":["GET"]}}],"collection":[{"href":"https:\/\/lakierniaproszkowa.pl\/index.php\/wp-json\/wp\/v2\/pages"}],"about":[{"href":"https:\/\/lakierniaproszkowa.pl\/index.php\/wp-json\/wp\/v2\/types\/page"}],"author":[{"embeddable":true,"href":"https:\/\/lakierniaproszkowa.pl\/index.php\/wp-json\/wp\/v2\/users\/1"}],"replies":[{"embeddable":true,"href":"https:\/\/lakierniaproszkowa.pl\/index.php\/wp-json\/wp\/v2\/comments?post=22"}],"version-history":[{"count":9,"href":"https:\/\/lakierniaproszkowa.pl\/index.php\/wp-json\/wp\/v2\/pages\/22\/revisions"}],"predecessor-version":[{"id":118,"href":"https:\/\/lakierniaproszkowa.pl\/index.php\/wp-json\/wp\/v2\/pages\/22\/revisions\/118"}],"wp:attachment":[{"href":"https:\/\/lakierniaproszkowa.pl\/index.php\/wp-json\/wp\/v2\/media?parent=22"}],"curies":[{"name":"wp","href":"https:\/\/api.w.org\/{rel}","templated":true}]}}